{"id":1782,"date":"2024-10-25T09:13:10","date_gmt":"2024-10-25T07:13:10","guid":{"rendered":"https:\/\/jugend-dirigiert.de\/?page_id=1782"},"modified":"2025-02-16T08:35:10","modified_gmt":"2025-02-16T07:35:10","slug":"site-notice","status":"publish","type":"page","link":"https:\/\/jugend-dirigiert.de\/en\/site-notice\/","title":{"rendered":"Site notice"},"content":{"rendered":"\t\t<div data-elementor-type=\"wp-page\" data-elementor-id=\"1782\" class=\"elementor elementor-1782 elementor-1263\" data-elementor-post-type=\"page\">\n\t\t\t\t<div class=\"elementor-element elementor-element-f6be0bf e-flex e-con-boxed e-con e-parent\" data-id=\"f6be0bf\" data-element_type=\"container\" data-settings=\"{&quot;background_background&quot;:&quot;classic&quot;}\">\n\t\t\t\t\t<div class=\"e-con-inner\">\n\t\t\t\t<div class=\"elementor-element elementor-element-3ff853b elementor-widget elementor-widget-heading\" data-id=\"3ff853b\" data-element_type=\"widget\" data-widget_type=\"heading.default\">\n\t\t\t\t<div class=\"elementor-widget-container\">\n\t\t\t\t\t<h1 class=\"elementor-heading-title elementor-size-default\">Site notice<\/h1>\t\t\t\t<\/div>\n\t\t\t\t<\/div>\n\t\t\t\t\t<\/div>\n\t\t\t\t<\/div>\n\t\t<div class=\"elementor-element elementor-element-3f44c1e e-flex e-con-boxed e-con e-parent\" data-id=\"3f44c1e\" data-element_type=\"container\">\n\t\t\t\t\t<div class=\"e-con-inner\">\n\t\t\t\t<div class=\"elementor-element elementor-element-b1ad196 elementor-widget elementor-widget-text-editor\" data-id=\"b1ad196\" data-element_type=\"widget\" data-widget_type=\"text-editor.default\">\n\t\t\t\t<div class=\"elementor-widget-container\">\n\t\t\t\t\t\t\t\t\t<h3>JUGEND DIRIGIERT<\/h3><p><strong>Angerscheune e.V.<\/strong><br \/>Vorstand: Harald Wanzek<br \/>Projektleiter: Dr. Alexander Saier<br \/>Dorfstra\u00dfe 1A<br \/>15370 Petershagen<\/p><p><strong>Vereinskontakt:<\/strong><br \/>Telefon: 033439 \/ 127686<br \/>Fax: 033439 \/ 127687<br \/>E-Mail: Vorstand@angerscheune.de<br \/>I-Net: www.Angerscheune.de<\/p><p><strong>Telefon Projektleiter:<\/strong><br \/>Dr. Alexander Saier<br \/>+49 (0) 176 \/ 61 311 967<\/p><p><strong>E-mail:<\/strong><br \/>Info@Jugend-dirigiert.de<\/p><p><strong>Bilder und Grafiken:<\/strong><br \/>Angaben der Quelle f\u00fcr verwendete Bilder- und Grafikmaterial: Herr Dr. Alexander Saier<\/p><p><strong>Online-Streitbeilegung<\/strong><br \/>gem\u00e4\u00df Art. 14 Abs. 1 ODR-VO<\/p><p>Die Europ\u00e4ische Kommission stellt eine Plattform zur Online-Streitbeilegung (OS) bereit, die Sie unter https:\/\/ec.europa.eu\/consumers\/odr\/ finden.<\/p><p><strong>Webdesign &amp; technische Umsetzung<\/strong><br \/>123-Berlin-Design | <a href=\"https:\/\/123-berlin-design.de\/\" target=\"_blank\" rel=\"noopener\">Webdesign Berlin<\/a><\/p>\t\t\t\t\t\t\t\t<\/div>\n\t\t\t\t<\/div>\n\t\t\t\t\t<\/div>\n\t\t\t\t<\/div>\n\t\t\t\t<\/div>\n\t\t","protected":false},"excerpt":{"rendered":"<p>Site notice JUGEND DIRIGIERT Angerscheune e.V.Vorstand: Harald WanzekProjektleiter: Dr. Alexander SaierDorfstra\u00dfe 1A15370 Petershagen Vereinskontakt:Telefon: 033439 \/ 127686Fax: 033439 \/ 127687E-Mail: Vorstand@angerscheune.deI-Net: www.Angerscheune.de Telefon Projektleiter:Dr. Alexander Saier+49 (0) 176 \/ 61 311 967 E-mail:Info@Jugend-dirigiert.de Bilder und Grafiken:Angaben der Quelle f\u00fcr verwendete Bilder- und Grafikmaterial: Herr Dr. Alexander Saier Online-Streitbeilegunggem\u00e4\u00df Art. 14 Abs. 1 ODR-VO Die Europ\u00e4ische [&hellip;]<\/p>\n","protected":false},"author":1,"featured_media":0,"parent":0,"menu_order":0,"comment_status":"closed","ping_status":"closed","template":"","meta":{"_acf_changed":false,"give_campaign_id":0,"footnotes":""},"class_list":["post-1782","page","type-page","status-publish","hentry"],"acf":[],"campaignId":"","_links":{"self":[{"href":"https:\/\/jugend-dirigiert.de\/en\/wp-json\/wp\/v2\/pages\/1782","targetHints":{"allow":["GET"]}}],"collection":[{"href":"https:\/\/jugend-dirigiert.de\/en\/wp-json\/wp\/v2\/pages"}],"about":[{"href":"https:\/\/jugend-dirigiert.de\/en\/wp-json\/wp\/v2\/types\/page"}],"author":[{"embeddable":true,"href":"https:\/\/jugend-dirigiert.de\/en\/wp-json\/wp\/v2\/users\/1"}],"replies":[{"embeddable":true,"href":"https:\/\/jugend-dirigiert.de\/en\/wp-json\/wp\/v2\/comments?post=1782"}],"version-history":[{"count":4,"href":"https:\/\/jugend-dirigiert.de\/en\/wp-json\/wp\/v2\/pages\/1782\/revisions"}],"predecessor-version":[{"id":1786,"href":"https:\/\/jugend-dirigiert.de\/en\/wp-json\/wp\/v2\/pages\/1782\/revisions\/1786"}],"wp:attachment":[{"href":"https:\/\/jugend-dirigiert.de\/en\/wp-json\/wp\/v2\/media?parent=1782"}],"curies":[{"name":"wp","href":"https:\/\/api.w.org\/{rel}","templated":true}]}}